{"id":585,"date":"2026-04-27T18:51:50","date_gmt":"2026-04-27T18:51:50","guid":{"rendered":"https:\/\/www.salentomaxtours.com\/web\/?post_type=product&#038;p=585"},"modified":"2026-04-27T18:54:08","modified_gmt":"2026-04-27T18:54:08","slug":"cabalgata-mirador-de-comino-mirador-de-palmas-rio-y-pena","status":"publish","type":"product","link":"https:\/\/www.salentomaxtours.com\/web\/producto\/cabalgata-mirador-de-comino-mirador-de-palmas-rio-y-pena\/","title":{"rendered":"Cabalgata Mirador de Comino + Mirador de Palmas + Rio y Pe\u00f1a"},"content":{"rendered":"<p>La experiencia de cabalgata inicia directamente en el Valle de Cocora. Es importante tener en cuenta que el<br \/>\ntransporte hasta el punto de inicio no est\u00e1 incluido en la tarifa; en caso de requerirlo, puede ser coordinado<br \/>\ncomo un servicio adicional.<\/p>\n<p>Para garantizar una experiencia segura y agradable, recomendamos:<\/p>\n<p>\u2022 Usar ropa c\u00f3moda y adecuada para clima variable (preferiblemente pantal\u00f3n largo).<br \/>\n\u2022 Llevar calzado cerrado y c\u00f3modo.<br \/>\n\u2022 Aplicar protector solar y llevar hidrataci\u00f3n.<br \/>\n\u2022 Seguir en todo momento las indicaciones del anfitri\u00f3n que los acompa\u00f1a.<br \/>\n\u2022 Mantener una postura adecuada sobre el caballo y evitar movimientos bruscos.<br \/>\n\u2022 Cuando hagas el uso del celular tener mucho cuido para prevenir accidentes.<br \/>\n\u2022 No se realiza la actividad para personas bajo efectos de alcohol o sustancias psicoactivas.<br \/>\n\u2022 En caso de tener alguna condici\u00f3n m\u00e9dica o limitaci\u00f3n f\u00edsica, se debe informar previamente.<br \/>\n\u2022 La experiencia est\u00e1 sujeta a condiciones clim\u00e1ticas y operativas para garantizar la seguridad de los<br \/>\nparticipantes.<\/p>\n<p><strong>ACOMPA\u00d1AMIENTO:<\/strong><\/p>\n<p>La cabalgata cuenta con el acompa\u00f1amiento de un anfitri\u00f3n local con experiencia en la actividad, quien<br \/>\nbrindar\u00e1 orientaci\u00f3n durante todo el recorrido. Es importante tener en cuenta que el acompa\u00f1amiento se<br \/>\nrealiza en idioma espa\u00f1ol.<\/p>\n","protected":false},"excerpt":{"rendered":"<p>Disfruta una cabalgata tranquila; la experiencia de cabalgata inicia directamente en el Valle de Cocora.<\/p>\n<p>Duraci\u00f3n: 2.30 horas.<\/p>\n","protected":false},"featured_media":24,"comment_status":"open","ping_status":"closed","template":"","meta":{"_et_pb_use_builder":"","_et_pb_old_content":"","_et_gb_content_width":"","_joinchat":[]},"product_brand":[],"product_cat":[36],"product_tag":[],"class_list":{"0":"post-585","1":"product","2":"type-product","3":"status-publish","4":"has-post-thumbnail","6":"product_cat-cabalgatas","8":"first","9":"instock","10":"shipping-taxable","11":"purchasable","12":"product-type-variable","13":"has-default-attributes"},"jetpack_sharing_enabled":true,"_links":{"self":[{"href":"https:\/\/www.salentomaxtours.com\/web\/wp-json\/wp\/v2\/product\/585","targetHints":{"allow":["GET"]}}],"collection":[{"href":"https:\/\/www.salentomaxtours.com\/web\/wp-json\/wp\/v2\/product"}],"about":[{"href":"https:\/\/www.salentomaxtours.com\/web\/wp-json\/wp\/v2\/types\/product"}],"replies":[{"embeddable":true,"href":"https:\/\/www.salentomaxtours.com\/web\/wp-json\/wp\/v2\/comments?post=585"}],"wp:featuredmedia":[{"embeddable":true,"href":"https:\/\/www.salentomaxtours.com\/web\/wp-json\/wp\/v2\/media\/24"}],"wp:attachment":[{"href":"https:\/\/www.salentomaxtours.com\/web\/wp-json\/wp\/v2\/media?parent=585"}],"wp:term":[{"taxonomy":"product_brand","embeddable":true,"href":"https:\/\/www.salentomaxtours.com\/web\/wp-json\/wp\/v2\/product_brand?post=585"},{"taxonomy":"product_cat","embeddable":true,"href":"https:\/\/www.salentomaxtours.com\/web\/wp-json\/wp\/v2\/product_cat?post=585"},{"taxonomy":"product_tag","embeddable":true,"href":"https:\/\/www.salentomaxtours.com\/web\/wp-json\/wp\/v2\/product_tag?post=585"}],"curies":[{"name":"wp","href":"https:\/\/api.w.org\/{rel}","templated":true}]}}