{"id":440,"date":"2026-03-03T21:50:53","date_gmt":"2026-03-03T21:50:53","guid":{"rendered":"https:\/\/www.salentomaxtours.com\/web\/?post_type=product&#038;p=440"},"modified":"2026-04-30T22:16:59","modified_gmt":"2026-04-30T22:16:59","slug":"cabalgata-mirador-la-esperanza","status":"publish","type":"product","link":"https:\/\/www.salentomaxtours.com\/web\/producto\/cabalgata-mirador-la-esperanza\/","title":{"rendered":"Cabalgata Mirador la Esperanza"},"content":{"rendered":"<p>La cabalgata en Salento es una experiencia dise\u00f1ada para disfrutar de los paisajes del entorno rural,<br \/>\nrecorriendo caminos tradicionales rodeados de naturaleza y cultura cafetera. Es importante tener en cuenta<br \/>\nlas siguientes recomendaciones:<\/p>\n<p><strong>Antes de la actividad:<\/strong><\/p>\n<p>\u2022 Utilizar ropa c\u00f3moda y adecuada para actividades al aire libre (pantal\u00f3n largo recomendado).<br \/>\n\u2022 Llevar calzado cerrado.<br \/>\n\u2022 Aplicar protector solar y, si lo considera necesario, usar gorra o sombrero.<br \/>\n\u2022 En caso de condiciones clim\u00e1ticas variables, portar chaqueta liviana o impermeable.<br \/>\n\u2022 Seguir en todo momento las indicaciones del anfitri\u00f3n o gu\u00eda acompa\u00f1ante.<br \/>\n\u2022 Mantener una postura adecuada sobre el caballo y evitar movimientos bruscos.<br \/>\n\u2022 Respetar el ritmo del grupo y la din\u00e1mica de la actividad.<\/p>\n<p><strong>CONDICIONES IMPORTANTES:<\/strong><\/p>\n<p>\u2022 No se realiza la actividad para personas bajo efectos de alcohol o sustancias psicoactivas.<br \/>\n\u2022 En caso de tener alguna condici\u00f3n m\u00e9dica o limitaci\u00f3n f\u00edsica, se debe informar previamente.<br \/>\n\u2022 La experiencia est\u00e1 sujeta a condiciones clim\u00e1ticas y operativas para garantizar la seguridad de los<br \/>\nparticipantes.<\/p>\n<p><strong>ACOMPA\u00d1AMIENTO:<\/strong><\/p>\n<p>La cabalgata cuenta con el acompa\u00f1amiento de un anfitri\u00f3n local con experiencia en la actividad, quien<br \/>\nbrindar\u00e1 orientaci\u00f3n durante todo el recorrido. Es importante tener en cuenta que el acompa\u00f1amiento se<br \/>\nrealiza en idioma espa\u00f1ol.<\/p>\n","protected":false},"excerpt":{"rendered":"<p>Disfruta una cabalgata tranquila por los caminos rurales de Salento, recorriendo la zona donde se encuentran las tradicionales fincas cafeteras.<\/p>\n<p>Duraci\u00f3n: 2 horas.<\/p>\n","protected":false},"featured_media":24,"comment_status":"open","ping_status":"closed","template":"","meta":{"_et_pb_use_builder":"","_et_pb_old_content":"","_et_gb_content_width":"","_joinchat":[]},"product_brand":[],"product_cat":[36],"product_tag":[],"class_list":{"0":"post-440","1":"product","2":"type-product","3":"status-publish","4":"has-post-thumbnail","6":"product_cat-cabalgatas","8":"first","9":"instock","10":"shipping-taxable","11":"purchasable","12":"product-type-variable","13":"has-default-attributes"},"jetpack_sharing_enabled":true,"_links":{"self":[{"href":"https:\/\/www.salentomaxtours.com\/web\/wp-json\/wp\/v2\/product\/440","targetHints":{"allow":["GET"]}}],"collection":[{"href":"https:\/\/www.salentomaxtours.com\/web\/wp-json\/wp\/v2\/product"}],"about":[{"href":"https:\/\/www.salentomaxtours.com\/web\/wp-json\/wp\/v2\/types\/product"}],"replies":[{"embeddable":true,"href":"https:\/\/www.salentomaxtours.com\/web\/wp-json\/wp\/v2\/comments?post=440"}],"wp:featuredmedia":[{"embeddable":true,"href":"https:\/\/www.salentomaxtours.com\/web\/wp-json\/wp\/v2\/media\/24"}],"wp:attachment":[{"href":"https:\/\/www.salentomaxtours.com\/web\/wp-json\/wp\/v2\/media?parent=440"}],"wp:term":[{"taxonomy":"product_brand","embeddable":true,"href":"https:\/\/www.salentomaxtours.com\/web\/wp-json\/wp\/v2\/product_brand?post=440"},{"taxonomy":"product_cat","embeddable":true,"href":"https:\/\/www.salentomaxtours.com\/web\/wp-json\/wp\/v2\/product_cat?post=440"},{"taxonomy":"product_tag","embeddable":true,"href":"https:\/\/www.salentomaxtours.com\/web\/wp-json\/wp\/v2\/product_tag?post=440"}],"curies":[{"name":"wp","href":"https:\/\/api.w.org\/{rel}","templated":true}]}}