{"id":409,"date":"2026-03-03T21:19:44","date_gmt":"2026-03-03T21:19:44","guid":{"rendered":"https:\/\/www.salentomaxtours.com\/web\/?post_type=product&#038;p=409"},"modified":"2026-04-27T16:45:35","modified_gmt":"2026-04-27T16:45:35","slug":"caminata-corta-valle-de-cocora","status":"publish","type":"product","link":"https:\/\/www.salentomaxtours.com\/web\/producto\/caminata-corta-valle-de-cocora\/","title":{"rendered":"Caminata Corta &#8211; Valle de Cocora"},"content":{"rendered":"<p>La experiencia inicia en el municipio de Salento, desde donde los visitantes se trasladan hacia el Valle de<br \/>\nCocora, ubicado a una altitud aproximada entre 1.800 y 2.400msnm.<\/p>\n<p>Durante el recorrido en el valle, los viajeros estar\u00e1n acompa\u00f1ados por un anfitri\u00f3n local, quien guiar\u00e1 la<br \/>\nCaminata hacia uno de los miradores privados del Valle de Cocora, ofreciendo interpretaci\u00f3n del paisaje y del<br \/>\nEntorno natural.<\/p>\n<p>El trayecto combina un tramo de carretera destapada, con inclinaci\u00f3n moderada, y una segunda secci\u00f3n compuesta por escalones artesanales.<\/p>\n<p><strong>RECOMENDACIONES IMPORTANTES:<\/strong><\/p>\n<p>\u2022 Usar calzado c\u00f3modo con buen agarre (evitar suelas lisas).<br \/>\n\u2022 Llevar bloqueador solar, debido a la exposici\u00f3n directa al sol.<br \/>\n\u2022 Usar gorra o sombrero para protecci\u00f3n adicional.<br \/>\n\u2022 Portar agua suficiente para mantenerse hidratado durante el recorrido.<br \/>\n\u2022 Informar previamente si se presenta alguna lesi\u00f3n, cirug\u00eda reciente o condici\u00f3n m\u00e9dica relevante,<br \/>\ncon el fin de garantizar la seguridad durante la actividad.<\/p>\n<p>Esta caminata permite disfrutar de uno de los paisajes m\u00e1s emblem\u00e1ticos de Colombia, en un entorno natural.<br \/>\n\u00danico dominado por la palma de cera, \u00e1rbol nacional.<\/p>\n","protected":false},"excerpt":{"rendered":"<p>El traslado se realiza en Jeep Willys p\u00fablico, compartido con otros viajeros. Sin embargo, la caminata es totalmente privada, exclusiva para tu grupo y acompa\u00f1ada por nuestro anfitri\u00f3n local.<\/p>\n<p>\u00a1Vive esta experiencia inolvidable y sostenible! Rel\u00e1jate con un viaje \u00fanico en Jeep Willys.<\/p>\n","protected":false},"featured_media":24,"comment_status":"open","ping_status":"closed","template":"","meta":{"_et_pb_use_builder":"","_et_pb_old_content":"","_et_gb_content_width":"","_joinchat":[]},"product_brand":[],"product_cat":[37],"product_tag":[],"class_list":{"0":"post-409","1":"product","2":"type-product","3":"status-publish","4":"has-post-thumbnail","6":"product_cat-caminatas","7":"wcpa_has_options","9":"first","10":"instock","11":"shipping-taxable","12":"purchasable","13":"product-type-variable","14":"has-default-attributes"},"jetpack_sharing_enabled":true,"_links":{"self":[{"href":"https:\/\/www.salentomaxtours.com\/web\/wp-json\/wp\/v2\/product\/409","targetHints":{"allow":["GET"]}}],"collection":[{"href":"https:\/\/www.salentomaxtours.com\/web\/wp-json\/wp\/v2\/product"}],"about":[{"href":"https:\/\/www.salentomaxtours.com\/web\/wp-json\/wp\/v2\/types\/product"}],"replies":[{"embeddable":true,"href":"https:\/\/www.salentomaxtours.com\/web\/wp-json\/wp\/v2\/comments?post=409"}],"wp:featuredmedia":[{"embeddable":true,"href":"https:\/\/www.salentomaxtours.com\/web\/wp-json\/wp\/v2\/media\/24"}],"wp:attachment":[{"href":"https:\/\/www.salentomaxtours.com\/web\/wp-json\/wp\/v2\/media?parent=409"}],"wp:term":[{"taxonomy":"product_brand","embeddable":true,"href":"https:\/\/www.salentomaxtours.com\/web\/wp-json\/wp\/v2\/product_brand?post=409"},{"taxonomy":"product_cat","embeddable":true,"href":"https:\/\/www.salentomaxtours.com\/web\/wp-json\/wp\/v2\/product_cat?post=409"},{"taxonomy":"product_tag","embeddable":true,"href":"https:\/\/www.salentomaxtours.com\/web\/wp-json\/wp\/v2\/product_tag?post=409"}],"curies":[{"name":"wp","href":"https:\/\/api.w.org\/{rel}","templated":true}]}}