{"id":221,"date":"2026-02-11T20:33:11","date_gmt":"2026-02-11T20:33:11","guid":{"rendered":"https:\/\/www.salentomaxtours.com\/web\/?post_type=product&#038;p=221"},"modified":"2026-04-30T22:09:55","modified_gmt":"2026-04-30T22:09:55","slug":"pueblo-tour-filandia","status":"publish","type":"product","link":"https:\/\/www.salentomaxtours.com\/web\/producto\/pueblo-tour-filandia\/","title":{"rendered":"Pueblo Tour Filandia"},"content":{"rendered":"<p>Vive un recorrido cultural por uno de los pueblos m\u00e1s hermosos del Eje Cafetero. Este Pueblo Tour en<br \/>\nFilandia inicia en su plaza principal, donde comenzar\u00e1s explorando la iglesia y su arquitectura tradicional.<br \/>\nLa experiencia contin\u00faa en el Centro de Interpretaci\u00f3n del Bejuco, donde tendr\u00e1s la oportunidad de crear tu<br \/>\npropio canasto, una de las artesan\u00edas m\u00e1s representativas de la regi\u00f3n. Luego, disfruta de una pausa<br \/>\ndeliciosa en el caf\u00e9 municipal con un caf\u00e9 t\u00edpico acompa\u00f1ado de pandebono.<\/p>\n<p>Recorre la ic\u00f3nica calle detenida en el tiempo, llena de color y tradici\u00f3n, y visita el famoso Mirador Encanto,<br \/>\nreconocido por su aparici\u00f3n en cine. Finaliza en la Colina Iluminada, donde podr\u00e1s admirar vistas<br \/>\npanor\u00e1micas espectaculares del paisaje cafetero.<\/p>\n<p><strong>IMPORTANTE<\/strong><\/p>\n<p>\u2022 No incluye transporte desde Salento, pero podemos ayudarte a organizarlo seg\u00fan tu necesidad.<br \/>\n\u2022 Acompa\u00f1amiento de anfitri\u00f3n local (habla espa\u00f1ol)<\/p>\n<p><strong>Recomendaciones para el tour:<\/strong><\/p>\n<p>\u2022 Usar ropa y calzado c\u00f3modo<br \/>\n\u2022 Llevar hidrataci\u00f3n<br \/>\n\u2022 Aplicar bloqueador solar<br \/>\n\u2022 Llevar gorra o sombrero<br \/>\n\u2022 Tener dinero en efectivo para compras adicionales<br \/>\n\u2022 Disponer de c\u00e1mara o celular con buena bater\u00eda<br \/>\n\u2022 Seguir las indicaciones del anfitri\u00f3n en cada lugar<\/p>\n","protected":false},"excerpt":{"rendered":"<p>Un recorrido que combina historia, tradici\u00f3n y paisajes para enamorarte del coraz\u00f3n del Quind\u00edo<\/p>\n","protected":false},"featured_media":202,"comment_status":"open","ping_status":"closed","template":"","meta":{"_et_pb_use_builder":"","_et_pb_old_content":"","_et_gb_content_width":"","_joinchat":[]},"product_brand":[],"product_cat":[40],"product_tag":[],"class_list":{"0":"post-221","1":"product","2":"type-product","3":"status-publish","4":"has-post-thumbnail","6":"product_cat-filandia","8":"first","9":"instock","10":"shipping-taxable","11":"purchasable","12":"product-type-variable","13":"has-default-attributes"},"jetpack_sharing_enabled":true,"_links":{"self":[{"href":"https:\/\/www.salentomaxtours.com\/web\/wp-json\/wp\/v2\/product\/221","targetHints":{"allow":["GET"]}}],"collection":[{"href":"https:\/\/www.salentomaxtours.com\/web\/wp-json\/wp\/v2\/product"}],"about":[{"href":"https:\/\/www.salentomaxtours.com\/web\/wp-json\/wp\/v2\/types\/product"}],"replies":[{"embeddable":true,"href":"https:\/\/www.salentomaxtours.com\/web\/wp-json\/wp\/v2\/comments?post=221"}],"wp:featuredmedia":[{"embeddable":true,"href":"https:\/\/www.salentomaxtours.com\/web\/wp-json\/wp\/v2\/media\/202"}],"wp:attachment":[{"href":"https:\/\/www.salentomaxtours.com\/web\/wp-json\/wp\/v2\/media?parent=221"}],"wp:term":[{"taxonomy":"product_brand","embeddable":true,"href":"https:\/\/www.salentomaxtours.com\/web\/wp-json\/wp\/v2\/product_brand?post=221"},{"taxonomy":"product_cat","embeddable":true,"href":"https:\/\/www.salentomaxtours.com\/web\/wp-json\/wp\/v2\/product_cat?post=221"},{"taxonomy":"product_tag","embeddable":true,"href":"https:\/\/www.salentomaxtours.com\/web\/wp-json\/wp\/v2\/product_tag?post=221"}],"curies":[{"name":"wp","href":"https:\/\/api.w.org\/{rel}","templated":true}]}}