{"id":217,"date":"2026-02-11T20:32:13","date_gmt":"2026-02-11T20:32:13","guid":{"rendered":"https:\/\/www.salentomaxtours.com\/web\/?post_type=product&#038;p=217"},"modified":"2026-04-27T17:10:54","modified_gmt":"2026-04-27T17:10:54","slug":"tour-corto-fincas-cafeteras-1-h","status":"publish","type":"product","link":"https:\/\/www.salentomaxtours.com\/web\/producto\/tour-corto-fincas-cafeteras-1-h\/","title":{"rendered":"Tour Corto Fincas Cafeteras &#8211; 1 H"},"content":{"rendered":"<p>Vive la cultura cafetera y descubre el proceso del caf\u00e9 desde la planta hasta la taza en fincas tradicionales<br \/>\nde Salento. Durante el recorrido podr\u00e1s aprender sobre la recolecci\u00f3n, siembra, despulpado y tosti\u00f3n<br \/>\nartesanal, guiado por expertos locales que compartir\u00e1n contigo el verdadero valor del caf\u00e9 de origen,<br \/>\nel tour puede ser en espa\u00f1ol o ingl\u00e9s.<\/p>\n<p>Recomendaciones para el Tour del Caf\u00e9  <\/p>\n<p>\u2022 Usa ropa c\u00f3moda y fresca.<br \/>\n\u2022 Lleva calzado cerrado y antideslizante, preferiblemente para caminatas en terreno natural.<br \/>\n\u2022 Aplica bloqueador solar y, si lo deseas, repelente.<br \/>\n\u2022 Lleva hidrataci\u00f3n y mantente bien alimentado antes del recorrido.<br \/>\n\u2022 Sigue en todo momento las indicaciones del gu\u00eda para una experiencia segura y enriquecedora.<br \/>\n\u2022 Evita tocar plantas o equipos sin autorizaci\u00f3n, especialmente durante el proceso del caf\u00e9.<br \/>\n\u2022 Si participas en actividades como recolecci\u00f3n o siembra, hazlo con cuidado para preservar el<br \/>\ncultivo.<br \/>\n\u2022 En caso de lluvia es recomendable llevar protecci\u00f3n adicional.<br \/>\n\u2022 Si prefieres un recorrido m\u00e1s c\u00f3modo, puedes solicitar fincas con plantaciones en terrenos m\u00e1s<br \/>\nplanos y de menor inclinaci\u00f3n.<br \/>\n\u2022 Disfruta el entorno natural con responsabilidad: no dejes residuos y respeta la biodiversidad.<\/p>\n","protected":false},"excerpt":{"rendered":"<p>Cada finca ofrece una experiencia interactiva, donde podr\u00e1s aprender sobre el proceso del caf\u00e9, desde la siembra hasta la taza. Puedes elegir entre recorridos de 1 a 2 horas, adaptados a tu tiempo y curiosidad.<\/p>\n","protected":false},"featured_media":405,"comment_status":"open","ping_status":"closed","template":"","meta":{"_et_pb_use_builder":"","_et_pb_old_content":"","_et_gb_content_width":"","_joinchat":[]},"product_brand":[],"product_cat":[38],"product_tag":[],"class_list":{"0":"post-217","1":"product","2":"type-product","3":"status-publish","4":"has-post-thumbnail","6":"product_cat-coffee-tours","8":"first","9":"instock","10":"shipping-taxable","11":"purchasable","12":"product-type-variable","13":"has-default-attributes"},"jetpack_sharing_enabled":true,"_links":{"self":[{"href":"https:\/\/www.salentomaxtours.com\/web\/wp-json\/wp\/v2\/product\/217","targetHints":{"allow":["GET"]}}],"collection":[{"href":"https:\/\/www.salentomaxtours.com\/web\/wp-json\/wp\/v2\/product"}],"about":[{"href":"https:\/\/www.salentomaxtours.com\/web\/wp-json\/wp\/v2\/types\/product"}],"replies":[{"embeddable":true,"href":"https:\/\/www.salentomaxtours.com\/web\/wp-json\/wp\/v2\/comments?post=217"}],"wp:featuredmedia":[{"embeddable":true,"href":"https:\/\/www.salentomaxtours.com\/web\/wp-json\/wp\/v2\/media\/405"}],"wp:attachment":[{"href":"https:\/\/www.salentomaxtours.com\/web\/wp-json\/wp\/v2\/media?parent=217"}],"wp:term":[{"taxonomy":"product_brand","embeddable":true,"href":"https:\/\/www.salentomaxtours.com\/web\/wp-json\/wp\/v2\/product_brand?post=217"},{"taxonomy":"product_cat","embeddable":true,"href":"https:\/\/www.salentomaxtours.com\/web\/wp-json\/wp\/v2\/product_cat?post=217"},{"taxonomy":"product_tag","embeddable":true,"href":"https:\/\/www.salentomaxtours.com\/web\/wp-json\/wp\/v2\/product_tag?post=217"}],"curies":[{"name":"wp","href":"https:\/\/api.w.org\/{rel}","templated":true}]}}