{"id":214,"date":"2026-02-11T20:31:44","date_gmt":"2026-02-11T20:31:44","guid":{"rendered":"https:\/\/www.salentomaxtours.com\/web\/?post_type=product&#038;p=214"},"modified":"2026-04-30T22:10:53","modified_gmt":"2026-04-30T22:10:53","slug":"tour-del-cacao","status":"publish","type":"product","link":"https:\/\/www.salentomaxtours.com\/web\/producto\/tour-del-cacao\/","title":{"rendered":"Tour del Cacao"},"content":{"rendered":"<h4>TOUR DE CACAO EN LA FINCA EVELYZA<\/h4>\n<p>\u00a1Vive la magia del cacao en la Finca Evelyza!<\/p>\n<p>Emb\u00e1rcate en un viaje al coraz\u00f3n del chocolate en la encantadora Finca Evelyza, ubicada en una vereda de Circasia, Quind\u00edo, a solo una hora de Salento.<\/p>\n<p>De la semilla a la taza: Descubre cada paso en el fascinante proceso del cacao. Siembra, cosecha, fermentaci\u00f3n, tosti\u00f3n y molienda se revelar\u00e1n ante tus ojos, para terminar con el mejor premio: una deliciosa taza de chocolate caliente, acompa\u00f1ada de tostadas y queso fresco.<\/p>\n<p>Transporte en Jeep Willys: Disfruta de un recorrido \u00fanico en el veh\u00edculo m\u00e1s ic\u00f3nico del Eje Cafetero, que te llevar\u00e1 hasta la finca, esperar\u00e1 durante las 2 horas del recorrido y te traer\u00e1 de regreso a Salento.<\/p>\n<p>M\u00e1s que un recorrido, una experiencia sensorial: Aprende, siente y saborea la tradici\u00f3n cacaotera mientras te conectas con la naturaleza y la riqueza cultural del Quind\u00edo.<\/p>\n","protected":false},"excerpt":{"rendered":"<p>Emb\u00e1rcate en un viaje al coraz\u00f3n del chocolate en la encantadora Finca Evelyza, ubicada en una vereda de Circasia, Quind\u00edo, a solo una hora de Salento.<\/p>\n","protected":false},"featured_media":203,"comment_status":"open","ping_status":"closed","template":"","meta":{"_et_pb_use_builder":"","_et_pb_old_content":"","_et_gb_content_width":"","_joinchat":[]},"product_brand":[],"product_cat":[41],"product_tag":[],"class_list":{"0":"post-214","1":"product","2":"type-product","3":"status-publish","4":"has-post-thumbnail","6":"product_cat-cacao-tour","8":"first","9":"instock","10":"shipping-taxable","11":"purchasable","12":"product-type-variable","13":"has-default-attributes"},"jetpack_sharing_enabled":true,"_links":{"self":[{"href":"https:\/\/www.salentomaxtours.com\/web\/wp-json\/wp\/v2\/product\/214","targetHints":{"allow":["GET"]}}],"collection":[{"href":"https:\/\/www.salentomaxtours.com\/web\/wp-json\/wp\/v2\/product"}],"about":[{"href":"https:\/\/www.salentomaxtours.com\/web\/wp-json\/wp\/v2\/types\/product"}],"replies":[{"embeddable":true,"href":"https:\/\/www.salentomaxtours.com\/web\/wp-json\/wp\/v2\/comments?post=214"}],"wp:featuredmedia":[{"embeddable":true,"href":"https:\/\/www.salentomaxtours.com\/web\/wp-json\/wp\/v2\/media\/203"}],"wp:attachment":[{"href":"https:\/\/www.salentomaxtours.com\/web\/wp-json\/wp\/v2\/media?parent=214"}],"wp:term":[{"taxonomy":"product_brand","embeddable":true,"href":"https:\/\/www.salentomaxtours.com\/web\/wp-json\/wp\/v2\/product_brand?post=214"},{"taxonomy":"product_cat","embeddable":true,"href":"https:\/\/www.salentomaxtours.com\/web\/wp-json\/wp\/v2\/product_cat?post=214"},{"taxonomy":"product_tag","embeddable":true,"href":"https:\/\/www.salentomaxtours.com\/web\/wp-json\/wp\/v2\/product_tag?post=214"}],"curies":[{"name":"wp","href":"https:\/\/api.w.org\/{rel}","templated":true}]}}