{"id":211,"date":"2026-02-11T20:31:16","date_gmt":"2026-02-11T20:31:16","guid":{"rendered":"https:\/\/www.salentomaxtours.com\/web\/?post_type=product&#038;p=211"},"modified":"2026-04-30T22:10:40","modified_gmt":"2026-04-30T22:10:40","slug":"tour-monos-aulladores","status":"publish","type":"product","link":"https:\/\/www.salentomaxtours.com\/web\/producto\/tour-monos-aulladores\/","title":{"rendered":"Tour Monos Aulladores"},"content":{"rendered":"<p>Ad\u00e9ntrate en un bosque del Quind\u00edo en la reserva natural barbas Bremen con una caminata de<br \/>\naproximadamente 3 horas, donde tendr\u00e1s una probabilidad de escuchar y observar a los majestuosos<br \/>\nmonos aulladores en su entorno natural. Sus imponentes sonidos y la riqueza del ecosistema hacen de<br \/>\nesta experiencia algo verdaderamente inolvidable.<\/p>\n<p>Es importante tener en cuenta que no se garantiza el avistamiento, ya que los monos se encuentran en<br \/>\ntotal libertad dentro de su h\u00e1bitat natural.<\/p>\n<p><strong>Incluye:<\/strong><\/p>\n<p>\u2022 Acompa\u00f1amiento de anfitri\u00f3n local (habla espa\u00f1ol)<br \/>\n\u2022 Seguro<\/p>\n<p>No incluye: Transporte<\/p>\n<p><strong>Recomendaciones para la caminata:<\/strong><\/p>\n<p>\u2022 Usar ropa c\u00f3moda y fresca<br \/>\n\u2022 Llevar zapatos adecuados para caminata (preferiblemente con buen agarre)<br \/>\n\u2022 Portar hidrataci\u00f3n suficiente<br \/>\n\u2022 Aplicar bloqueador solar y repelente<br \/>\n\u2022 Evitar hacer ruido para no ahuyentar a los animales<br \/>\n\u2022 No alimentar ni intentar acercarse a la fauna<br \/>\n\u2022 Llevar gorra o sombrero<br \/>\n\u2022 En caso de lluvia es recomendable llevar protecci\u00f3n adicional.<\/p>\n","protected":false},"excerpt":{"rendered":"<p>\u00a1Vive la aventura de la reserva barbas bremen y los monos aulladores en Filandia!<\/p>\n","protected":false},"featured_media":370,"comment_status":"open","ping_status":"closed","template":"","meta":{"_et_pb_use_builder":"","_et_pb_old_content":"","_et_gb_content_width":"","_joinchat":[]},"product_brand":[],"product_cat":[40],"product_tag":[],"class_list":{"0":"post-211","1":"product","2":"type-product","3":"status-publish","4":"has-post-thumbnail","6":"product_cat-filandia","8":"first","9":"instock","10":"virtual","11":"product-type-simple"},"jetpack_sharing_enabled":true,"_links":{"self":[{"href":"https:\/\/www.salentomaxtours.com\/web\/wp-json\/wp\/v2\/product\/211","targetHints":{"allow":["GET"]}}],"collection":[{"href":"https:\/\/www.salentomaxtours.com\/web\/wp-json\/wp\/v2\/product"}],"about":[{"href":"https:\/\/www.salentomaxtours.com\/web\/wp-json\/wp\/v2\/types\/product"}],"replies":[{"embeddable":true,"href":"https:\/\/www.salentomaxtours.com\/web\/wp-json\/wp\/v2\/comments?post=211"}],"wp:featuredmedia":[{"embeddable":true,"href":"https:\/\/www.salentomaxtours.com\/web\/wp-json\/wp\/v2\/media\/370"}],"wp:attachment":[{"href":"https:\/\/www.salentomaxtours.com\/web\/wp-json\/wp\/v2\/media?parent=211"}],"wp:term":[{"taxonomy":"product_brand","embeddable":true,"href":"https:\/\/www.salentomaxtours.com\/web\/wp-json\/wp\/v2\/product_brand?post=211"},{"taxonomy":"product_cat","embeddable":true,"href":"https:\/\/www.salentomaxtours.com\/web\/wp-json\/wp\/v2\/product_cat?post=211"},{"taxonomy":"product_tag","embeddable":true,"href":"https:\/\/www.salentomaxtours.com\/web\/wp-json\/wp\/v2\/product_tag?post=211"}],"curies":[{"name":"wp","href":"https:\/\/api.w.org\/{rel}","templated":true}]}}