{"id":208,"date":"2026-02-11T20:30:33","date_gmt":"2026-02-11T20:30:33","guid":{"rendered":"https:\/\/www.salentomaxtours.com\/web\/?post_type=product&#038;p=208"},"modified":"2026-04-30T22:10:24","modified_gmt":"2026-04-30T22:10:24","slug":"tour-en-bicicleta","status":"publish","type":"product","link":"https:\/\/www.salentomaxtours.com\/web\/producto\/tour-en-bicicleta\/","title":{"rendered":"Tour en Bicicleta &#8211; Descenso en la Carbonera"},"content":{"rendered":"<p>Atr\u00e9vete a vivir una experiencia con nuestro tour de descenso en bicicleta en La Carbonera, un escenario<br \/>\nnatural ubicado en Cajamarca, Tolima, a una altura aproximada entre 2.300- 3.300 m s. n. m. Un recorrido<br \/>\ndise\u00f1ado para quienes buscan aventura, paisajes y una conexi\u00f3n con la monta\u00f1a.<br \/>\nDesde el inicio, el viaje se convierte en parte de la experiencia: el traslado desde Salento, aunque es un<br \/>\npoco largo, te permitir\u00e1 descubrir la transici\u00f3n entre ecosistemas y disfrutar de vistas naturales antes de<br \/>\ncomenzar el descenso.<\/p>\n<p><strong>El tour incluye:<\/strong><\/p>\n<p>\u2022 Transporte ida y regreso<br \/>\n\u2022 Seguro de asistencia<br \/>\n\u2022 Snack tipo lonchera<br \/>\n\u2022 Casco de seguridad<br \/>\n\u2022 Chaqueta cortavientos<br \/>\n\u2022 Guantes de protecci\u00f3n<\/p>\n<p>Durante toda la actividad estar\u00e1s acompa\u00f1ado por un anfitri\u00f3n local, quien te guiar\u00e1 y asistir\u00e1 en cada<br \/>\nmomento, garantizando seguridad y una experiencia organizada. Antes de iniciar, realizamos ejercicios de<br \/>\nestiramiento y preparaci\u00f3n, asegurando que tu cuerpo est\u00e9 listo para disfrutar al m\u00e1ximo del recorrido.<\/p>\n<p><strong>Recomendaciones para tu experiencia<\/strong><\/p>\n<p>Para que disfrutes al m\u00e1ximo esta aventura, ten en cuenta:<\/p>\n<p>\u2022 Experiencia previa: Si es tu primera vez realizando un descenso en bicicleta de monta\u00f1a, es muy<br \/>\nimportante informarlo antes del tour. Esto nos permitir\u00e1 brindarte la mejor asesor\u00eda y garantizar tu<br \/>\nseguridad.<br \/>\n\u2022 Control y manejo: Mant\u00e9n siempre el control de la bicicleta, utiliza ambos frenos de forma progresiva<br \/>\ny sigue las indicaciones del gu\u00eda en todo momento.<br \/>\n\u2022 Distancia entre participantes: Conserva una distancia prudente para evitar accidentes durante el<br \/>\ndescenso.<br \/>\n\u2022 Vestimenta adecuada: Usa ropa c\u00f3moda, pantal\u00f3n largo y zapatos cerrados.<br \/>\n\u2022 Clima de monta\u00f1a: Prep\u00e1rate para temperaturas bajas y cambios clim\u00e1ticos.<br \/>\n\u2022 Hidrataci\u00f3n y actitud: Mantente hidratado y dispuesto a disfrutar cada momento de la experiencia.<br \/>\n\u2022 No se realiza la actividad para personas bajo efectos de alcohol o sustancias psicoactivas.<\/p>\n<p>&nbsp;<\/p>\n<p>Es importante tener en cuenta que esta experiencia puede realizarse en modalidad compartida, por<br \/>\nlo que es posible que el grupo se conforme con otros viajeros, enriqueciendo as\u00ed la experiencia y<br \/>\noptimizando la operaci\u00f3n del tour. Asimismo, todas nuestras tarifas incluyen IVA, garantizando total<br \/>\ntransparencia en el valor informado desde el momento de la reserva.<\/p>\n","protected":false},"excerpt":{"rendered":"<p>Atr\u00e9vete a vivir una experiencia con nuestro tour de descenso en bicicleta en La Carbonera, un escenario<br \/>\nnatural ubicado en Cajamarca, Tolima,<\/p>\n","protected":false},"featured_media":380,"comment_status":"open","ping_status":"closed","template":"","meta":{"_et_pb_use_builder":"","_et_pb_old_content":"","_et_gb_content_width":"","_joinchat":[]},"product_brand":[],"product_cat":[39],"product_tag":[],"class_list":{"0":"post-208","1":"product","2":"type-product","3":"status-publish","4":"has-post-thumbnail","6":"product_cat-carbonera","8":"first","9":"instock","10":"shipping-taxable","11":"purchasable","12":"product-type-variable"},"jetpack_sharing_enabled":true,"_links":{"self":[{"href":"https:\/\/www.salentomaxtours.com\/web\/wp-json\/wp\/v2\/product\/208","targetHints":{"allow":["GET"]}}],"collection":[{"href":"https:\/\/www.salentomaxtours.com\/web\/wp-json\/wp\/v2\/product"}],"about":[{"href":"https:\/\/www.salentomaxtours.com\/web\/wp-json\/wp\/v2\/types\/product"}],"replies":[{"embeddable":true,"href":"https:\/\/www.salentomaxtours.com\/web\/wp-json\/wp\/v2\/comments?post=208"}],"wp:featuredmedia":[{"embeddable":true,"href":"https:\/\/www.salentomaxtours.com\/web\/wp-json\/wp\/v2\/media\/380"}],"wp:attachment":[{"href":"https:\/\/www.salentomaxtours.com\/web\/wp-json\/wp\/v2\/media?parent=208"}],"wp:term":[{"taxonomy":"product_brand","embeddable":true,"href":"https:\/\/www.salentomaxtours.com\/web\/wp-json\/wp\/v2\/product_brand?post=208"},{"taxonomy":"product_cat","embeddable":true,"href":"https:\/\/www.salentomaxtours.com\/web\/wp-json\/wp\/v2\/product_cat?post=208"},{"taxonomy":"product_tag","embeddable":true,"href":"https:\/\/www.salentomaxtours.com\/web\/wp-json\/wp\/v2\/product_tag?post=208"}],"curies":[{"name":"wp","href":"https:\/\/api.w.org\/{rel}","templated":true}]}}