{"id":199,"date":"2026-02-11T20:28:49","date_gmt":"2026-02-11T20:28:49","guid":{"rendered":"https:\/\/www.salentomaxtours.com\/web\/?post_type=product&#038;p=199"},"modified":"2026-04-30T22:10:32","modified_gmt":"2026-04-30T22:10:32","slug":"tour-carbonero","status":"publish","type":"product","link":"https:\/\/www.salentomaxtours.com\/web\/producto\/tour-carbonero\/","title":{"rendered":"Tour carbonera"},"content":{"rendered":"<p>La experiencia en La Carbonera, ubicada en el municipio de Cajamarca, Tolima, se desarrolla a una altura<br \/>\naproximada de 2.300 a 3.300 m.s.n.m., en donde encontrar\u00e1s el santuario de palmas con m\u00e1s de 600.000<br \/>\npalma de cera y biodiversidad andina.<\/p>\n<p>El acceso desde Salento tiene una duraci\u00f3n aproximada de 2 horas y 30 minutos en un veh\u00edculo 4*4.<br \/>\nRecorriendo una v\u00eda rural destapada que hace parte de la conexi\u00f3n natural entre los departamentos del<br \/>\nQuind\u00edo y Tolima.<\/p>\n<p>La actividad consiste en una caminata guiada de aproximadamente 2 horas, donde la mayor parte del<br \/>\nrecorrido es en descenso, lo cual facilita el desplazamiento, pero requiere precauci\u00f3n en tramos h\u00famedos<br \/>\no irregulares. Durante toda la experiencia, los visitantes estar\u00e1n acompa\u00f1ados por un anfitri\u00f3n local, quien<br \/>\norienta el recorrido, brinda informaci\u00f3n del territorio y garantiza una experiencia segura y enriquecedora.<\/p>\n<p>Recomendaciones generales:<\/p>\n<p>\u2022 Utilizar calzado adecuado para caminata (preferiblemente botas con buen agarre).<br \/>\n\u2022 Llevar saco o chaqueta para el fr\u00edo.<br \/>\n\u2022 Llevar ropa c\u00f3moda, preferiblemente de secado r\u00e1pido.<br \/>\n\u2022 Incluir protecci\u00f3n contra lluvia (impermeable o chaqueta).<br \/>\n\u2022 Aplicar bloqueador solar.<br \/>\n\u2022 Mantener una hidrataci\u00f3n constante durante el recorrido.<br \/>\n\u2022 Seguir en todo momento las indicaciones del anfitri\u00f3n local.<br \/>\n\u2022 No salirse de los senderos establecidos para preservar el entorno natural.<br \/>\n\u2022 No se realiza la actividad para personas bajo efectos de alcohol o sustancias psicoactivas.<\/p>\n","protected":false},"excerpt":{"rendered":"<p>Vive la magia del Santuario de Palmas de Cera en una caminata de 2 horas por el Valle de la Carbonera<\/p>\n","protected":false},"featured_media":204,"comment_status":"open","ping_status":"closed","template":"","meta":{"_et_pb_use_builder":"","_et_pb_old_content":"","_et_gb_content_width":"","_joinchat":[]},"product_brand":[],"product_cat":[39],"product_tag":[],"class_list":{"0":"post-199","1":"product","2":"type-product","3":"status-publish","4":"has-post-thumbnail","6":"product_cat-carbonera","8":"first","9":"instock","10":"shipping-taxable","11":"purchasable","12":"product-type-variable","13":"has-default-attributes"},"jetpack_sharing_enabled":true,"_links":{"self":[{"href":"https:\/\/www.salentomaxtours.com\/web\/wp-json\/wp\/v2\/product\/199","targetHints":{"allow":["GET"]}}],"collection":[{"href":"https:\/\/www.salentomaxtours.com\/web\/wp-json\/wp\/v2\/product"}],"about":[{"href":"https:\/\/www.salentomaxtours.com\/web\/wp-json\/wp\/v2\/types\/product"}],"replies":[{"embeddable":true,"href":"https:\/\/www.salentomaxtours.com\/web\/wp-json\/wp\/v2\/comments?post=199"}],"wp:featuredmedia":[{"embeddable":true,"href":"https:\/\/www.salentomaxtours.com\/web\/wp-json\/wp\/v2\/media\/204"}],"wp:attachment":[{"href":"https:\/\/www.salentomaxtours.com\/web\/wp-json\/wp\/v2\/media?parent=199"}],"wp:term":[{"taxonomy":"product_brand","embeddable":true,"href":"https:\/\/www.salentomaxtours.com\/web\/wp-json\/wp\/v2\/product_brand?post=199"},{"taxonomy":"product_cat","embeddable":true,"href":"https:\/\/www.salentomaxtours.com\/web\/wp-json\/wp\/v2\/product_cat?post=199"},{"taxonomy":"product_tag","embeddable":true,"href":"https:\/\/www.salentomaxtours.com\/web\/wp-json\/wp\/v2\/product_tag?post=199"}],"curies":[{"name":"wp","href":"https:\/\/api.w.org\/{rel}","templated":true}]}}