{"id":525,"date":"2026-04-27T17:37:32","date_gmt":"2026-04-27T17:37:32","guid":{"rendered":"https:\/\/www.salentomaxtours.com\/web\/?page_id=525"},"modified":"2026-04-27T17:52:28","modified_gmt":"2026-04-27T17:52:28","slug":"politicas-de-servicio","status":"publish","type":"page","link":"https:\/\/www.salentomaxtours.com\/web\/politicas-de-servicio\/","title":{"rendered":"Pol\u00edticas de servicio"},"content":{"rendered":"<p>[et_pb_section fb_built=\u00bb1&#8243; _builder_version=\u00bb4.27.5&#8243; _module_preset=\u00bbdefault\u00bb background_color=\u00bb#000000&#8243; use_background_color_gradient=\u00bbon\u00bb background_color_gradient_direction=\u00bb135deg\u00bb background_color_gradient_stops=\u00bb#000000 20%|#678344 100%\u00bb background_color_gradient_overlays_image=\u00bbon\u00bb background_image=\u00bbhttps:\/\/www.salentomaxtours.com\/web\/wp-content\/uploads\/2026\/02\/FILANDIA-2.jpg\u00bb background_blend=\u00bbmultiply\u00bb custom_padding=\u00bb40px||40px||true|false\u00bb bottom_divider_color=\u00bb#FFFFFF\u00bb bottom_divider_height=\u00bb30px\u00bb animation_style=\u00bbzoom\u00bb animation_delay=\u00bb100ms\u00bb animation_intensity_zoom=\u00bb20%\u00bb animation_starting_opacity=\u00bb20%\u00bb locked=\u00bboff\u00bb global_colors_info=\u00bb{}\u00bb][et_pb_row _builder_version=\u00bb4.17.6&#8243; _module_preset=\u00bbdefault\u00bb width=\u00bb700px\u00bb width_tablet=\u00bb80%\u00bb width_phone=\u00bb80%\u00bb width_last_edited=\u00bbon|tablet\u00bb global_colors_info=\u00bb{}\u00bb][et_pb_column type=\u00bb4_4&#8243; _builder_version=\u00bb4.17.4&#8243; _module_preset=\u00bbdefault\u00bb global_colors_info=\u00bb{}\u00bb][et_pb_text _builder_version=\u00bb4.27.6&#8243; _module_preset=\u00bbc16985e1-e0d6-4022-964d-e2bfc04fa633&#8243; text_font=\u00bbPoppins|300|||||||\u00bb text_text_color=\u00bb#FFFFFF\u00bb header_font=\u00bbMontserrat|700|||||||\u00bb header_text_color=\u00bb#DE1E77&#8243; header_font_size=\u00bb96px\u00bb header_line_height=\u00bb0.9em\u00bb header_2_font=\u00bbDM Sans|700|||||||\u00bb header_2_text_color=\u00bb#FFFFFF\u00bb header_2_font_size=\u00bb48px\u00bb text_orientation=\u00bbcenter\u00bb header_font_size_tablet=\u00bb40px\u00bb header_font_size_phone=\u00bb24px\u00bb header_font_size_last_edited=\u00bbon|phone\u00bb header_2_font_size_tablet=\u00bb46px\u00bb header_2_font_size_phone=\u00bb32px\u00bb header_2_font_size_last_edited=\u00bbon|phone\u00bb global_colors_info=\u00bb{}\u00bb]<\/p>\n<h2>Pol\u00edticas de Servicio<\/h2>\n<p>[\/et_pb_text][\/et_pb_column][\/et_pb_row][\/et_pb_section][et_pb_section fb_built=\u00bb1&#8243; admin_label=\u00bbContact Form\u00bb _builder_version=\u00bb4.18.0&#8243; _module_preset=\u00bbdefault\u00bb animation_style=\u00bbzoom\u00bb animation_delay=\u00bb200ms\u00bb animation_intensity_zoom=\u00bb20%\u00bb locked=\u00bboff\u00bb collapsed=\u00bbon\u00bb global_colors_info=\u00bb{}\u00bb][et_pb_row _builder_version=\u00bb4.27.6&#8243; _module_preset=\u00bbdefault\u00bb background_color=\u00bb#DEE0CE\u00bb width_tablet=\u00bb80%\u00bb width_phone=\u00bb80%\u00bb width_last_edited=\u00bboff|desktop\u00bb custom_padding=\u00bb||||false|false\u00bb custom_css_main_element=\u00bbdisplay: flex;||align-items: center;\u00bb global_colors_info=\u00bb{}\u00bb custom_css_main_element_last_edited=\u00bbon|tablet\u00bb custom_css_main_element_tablet=\u00bbdisplay:block;\u00bb custom_css_main_element_phone=\u00bbdisplay:block;\u00bb][et_pb_column type=\u00bb4_4&#8243; _builder_version=\u00bb4.17.4&#8243; _module_preset=\u00bbdefault\u00bb global_colors_info=\u00bb{}\u00bb][et_pb_text _builder_version=\u00bb4.27.6&#8243; _module_preset=\u00bb518880c8-46c7-4ffa-b5a6-93ffa99dcc17&#8243; text_font=\u00bbInter||on||||||\u00bb text_text_color=\u00bb#2A402C\u00bb text_font_size=\u00bb18px\u00bb text_line_height=\u00bb1.4em\u00bb header_2_font=\u00bbDM Sans|700|||||||\u00bb header_2_text_color=\u00bb#2A402C\u00bb text_orientation=\u00bbcenter\u00bb animation_style=\u00bbzoom\u00bb animation_delay=\u00bb200ms\u00bb animation_intensity_zoom=\u00bb20%\u00bb text_font_size_tablet=\u00bb14px\u00bb text_font_size_phone=\u00bb16px\u00bb text_font_size_last_edited=\u00bboff|phone\u00bb global_colors_info=\u00bb{}\u00bb]<\/p>\n<p>En Salento Max Tours, creemos en el turismo responsable, transparente y lleno de experiencias aut\u00e9nticas. Por eso, queremos que conozcas nuestras pol\u00edticas antes de vivir una aventura con nosotros.<\/p>\n<p>[\/et_pb_text][\/et_pb_column][\/et_pb_row][et_pb_row _builder_version=\u00bb4.27.5&#8243; _module_preset=\u00bbdefault\u00bb width_tablet=\u00bb80%\u00bb width_phone=\u00bb80%\u00bb width_last_edited=\u00bboff|desktop\u00bb custom_padding=\u00bb||||false|false\u00bb custom_css_main_element=\u00bbdisplay: flex;||align-items: center;\u00bb global_colors_info=\u00bb{}\u00bb custom_css_main_element_last_edited=\u00bbon|tablet\u00bb custom_css_main_element_tablet=\u00bbdisplay:block;\u00bb custom_css_main_element_phone=\u00bbdisplay:block;\u00bb][et_pb_column type=\u00bb4_4&#8243; _builder_version=\u00bb4.17.4&#8243; _module_preset=\u00bbdefault\u00bb global_colors_info=\u00bb{}\u00bb][et_pb_text _builder_version=\u00bb4.27.6&#8243; _module_preset=\u00bb518880c8-46c7-4ffa-b5a6-93ffa99dcc17&#8243; text_font=\u00bbInter||||||||\u00bb text_text_color=\u00bb#474747&#8243; text_line_height=\u00bb1.4em\u00bb header_2_font=\u00bbDM Sans|700|||||||\u00bb header_2_text_align=\u00bbleft\u00bb header_2_text_color=\u00bb#2A402C\u00bb header_2_font_size=\u00bb36px\u00bb text_orientation=\u00bbjustified\u00bb animation_style=\u00bbzoom\u00bb animation_delay=\u00bb200ms\u00bb animation_intensity_zoom=\u00bb20%\u00bb text_font_size_tablet=\u00bb14px\u00bb text_font_size_phone=\u00bb16px\u00bb text_font_size_last_edited=\u00bboff|phone\u00bb global_colors_info=\u00bb{}\u00bb]<\/p>\n<h2>Reservas<\/h2>\n<p>[\/et_pb_text][et_pb_text _builder_version=\u00bb4.27.6&#8243; _module_preset=\u00bb518880c8-46c7-4ffa-b5a6-93ffa99dcc17&#8243; text_font=\u00bbInter||||||||\u00bb text_text_color=\u00bb#474747&#8243; text_line_height=\u00bb1.4em\u00bb header_2_font=\u00bbDM Sans|700|||||||\u00bb header_2_text_color=\u00bb#2A402C\u00bb text_orientation=\u00bbjustified\u00bb animation_style=\u00bbzoom\u00bb animation_delay=\u00bb200ms\u00bb animation_intensity_zoom=\u00bb20%\u00bb text_font_size_tablet=\u00bb14px\u00bb text_font_size_phone=\u00bb16px\u00bb text_font_size_last_edited=\u00bboff|phone\u00bb global_colors_info=\u00bb{}\u00bb]Para asegurar tu experiencia: <\/p>\n<p>\u2022 Todas las reservas requieren confirmaci\u00f3n previa con pago anticipado parcial o total.<br \/>\n\u2022 Las actividades est\u00e1n sujetas a disponibilidad.<br \/>\n\u2022 Una vez confirmado tu servicio, recibir\u00e1s un respaldo de reserva con todos los detalles.<\/p>\n<p>Pagos <\/p>\n<p>\u2022 Aceptamos diferentes medios de pago: efectivo, transferencias y pagos electr\u00f3nicos.<br \/>\n\u2022 Los pagos con tarjeta pueden generar un cargo adicional por comisi\u00f3n bancaria.<br \/>\n\u2022 Nuestros precios incluyen impuestos (IVA), salvo que se indique lo contrario.[\/et_pb_text][\/et_pb_column][\/et_pb_row][et_pb_row _builder_version=\u00bb4.27.5&#8243; _module_preset=\u00bbdefault\u00bb width_tablet=\u00bb80%\u00bb width_phone=\u00bb80%\u00bb width_last_edited=\u00bboff|desktop\u00bb custom_padding=\u00bb||||false|false\u00bb custom_css_main_element=\u00bbdisplay: flex;||align-items: center;\u00bb global_colors_info=\u00bb{}\u00bb custom_css_main_element_last_edited=\u00bbon|tablet\u00bb custom_css_main_element_tablet=\u00bbdisplay:block;\u00bb custom_css_main_element_phone=\u00bbdisplay:block;\u00bb][et_pb_column type=\u00bb4_4&#8243; _builder_version=\u00bb4.17.4&#8243; _module_preset=\u00bbdefault\u00bb global_colors_info=\u00bb{}\u00bb][et_pb_text _builder_version=\u00bb4.27.6&#8243; _module_preset=\u00bb518880c8-46c7-4ffa-b5a6-93ffa99dcc17&#8243; text_font=\u00bbInter||||||||\u00bb text_text_color=\u00bb#474747&#8243; text_line_height=\u00bb1.4em\u00bb header_2_font=\u00bbDM Sans|700|||||||\u00bb header_2_text_align=\u00bbleft\u00bb header_2_text_color=\u00bb#2A402C\u00bb header_2_font_size=\u00bb36px\u00bb text_orientation=\u00bbjustified\u00bb animation_style=\u00bbzoom\u00bb animation_delay=\u00bb200ms\u00bb animation_intensity_zoom=\u00bb20%\u00bb text_font_size_tablet=\u00bb14px\u00bb text_font_size_phone=\u00bb16px\u00bb text_font_size_last_edited=\u00bboff|phone\u00bb global_colors_info=\u00bb{}\u00bb]<\/p>\n<h2>Cancelaciones y Cambios<\/h2>\n<p>[\/et_pb_text][et_pb_text _builder_version=\u00bb4.27.6&#8243; _module_preset=\u00bb518880c8-46c7-4ffa-b5a6-93ffa99dcc17&#8243; text_font=\u00bbInter||||||||\u00bb text_text_color=\u00bb#474747&#8243; text_line_height=\u00bb1.4em\u00bb header_2_font=\u00bbDM Sans|700|||||||\u00bb header_2_text_color=\u00bb#2A402C\u00bb text_orientation=\u00bbjustified\u00bb animation_style=\u00bbzoom\u00bb animation_delay=\u00bb200ms\u00bb animation_intensity_zoom=\u00bb20%\u00bb text_font_size_tablet=\u00bb14px\u00bb text_font_size_phone=\u00bb16px\u00bb text_font_size_last_edited=\u00bboff|phone\u00bb global_colors_info=\u00bb{}\u00bb]<\/p>\n<p>\u2022 Puedes solicitar la reprogramaci\u00f3n de tu experiencia con m\u00ednimo 72 horas de anticipaci\u00f3n, sin costo adicional.<br \/>\u2022 Las reprogramaciones est\u00e1n sujetas a disponibilidad de agenda.<br \/>\u2022 En caso de solicitudes con menos de 72 horas, se evaluar\u00e1 cada caso; sin embargo, podr\u00e1n aplicarse cargos operativos adicionales.<br \/>\u2022 Se permite una (1) reprogramaci\u00f3n sin penalidad por reserva.<br \/>\u2022 En caso de no presentarte (no show), no aplica reembolso.<br \/>\u2022 Si se presentan situaciones externas (clima, condiciones de seguridad u otros).<\/p>\n<p style=\"padding-left: 40px;\">Te ofreceremos:<\/p>\n<p style=\"padding-left: 40px;\">&#8211; Reprogramaci\u00f3n<br \/>&#8211; Experiencia alternativa importante<\/p>\n<p>\u2022 Toda solicitud de cancelaci\u00f3n o cambio debe realizarse por los canales oficiales de atenci\u00f3n.<br \/>\u2022 Los tiempos aplican a partir de la hora programada de inicio de la experiencia.<br \/>\u2022 Estas pol\u00edticas buscan garantizar la sostenibilidad del servicio y el cumplimiento con nuestros gu\u00edas locales y aliados.<\/p>\n<p>[\/et_pb_text][\/et_pb_column][\/et_pb_row][et_pb_row _builder_version=\u00bb4.27.5&#8243; _module_preset=\u00bbdefault\u00bb width_tablet=\u00bb80%\u00bb width_phone=\u00bb80%\u00bb width_last_edited=\u00bboff|desktop\u00bb custom_padding=\u00bb||||false|false\u00bb custom_css_main_element=\u00bbdisplay: flex;||align-items: center;\u00bb global_colors_info=\u00bb{}\u00bb custom_css_main_element_last_edited=\u00bbon|tablet\u00bb custom_css_main_element_tablet=\u00bbdisplay:block;\u00bb custom_css_main_element_phone=\u00bbdisplay:block;\u00bb][et_pb_column type=\u00bb4_4&#8243; _builder_version=\u00bb4.17.4&#8243; _module_preset=\u00bbdefault\u00bb global_colors_info=\u00bb{}\u00bb][et_pb_text _builder_version=\u00bb4.27.6&#8243; _module_preset=\u00bb518880c8-46c7-4ffa-b5a6-93ffa99dcc17&#8243; text_font=\u00bbInter||||||||\u00bb text_text_color=\u00bb#474747&#8243; text_line_height=\u00bb1.4em\u00bb header_2_font=\u00bbDM Sans|700|||||||\u00bb header_2_text_align=\u00bbleft\u00bb header_2_text_color=\u00bb#2A402C\u00bb header_2_font_size=\u00bb36px\u00bb text_orientation=\u00bbjustified\u00bb animation_style=\u00bbzoom\u00bb animation_delay=\u00bb200ms\u00bb animation_intensity_zoom=\u00bb20%\u00bb text_font_size_tablet=\u00bb14px\u00bb text_font_size_phone=\u00bb16px\u00bb text_font_size_last_edited=\u00bboff|phone\u00bb global_colors_info=\u00bb{}\u00bb]<\/p>\n<h2>Uso de Fotograf\u00edas<\/h2>\n<p>[\/et_pb_text][et_pb_text _builder_version=\u00bb4.27.6&#8243; _module_preset=\u00bb518880c8-46c7-4ffa-b5a6-93ffa99dcc17&#8243; text_font=\u00bbInter||||||||\u00bb text_text_color=\u00bb#474747&#8243; text_line_height=\u00bb1.4em\u00bb header_2_font=\u00bbDM Sans|700|||||||\u00bb header_2_text_color=\u00bb#2A402C\u00bb text_orientation=\u00bbjustified\u00bb animation_style=\u00bbzoom\u00bb animation_delay=\u00bb200ms\u00bb animation_intensity_zoom=\u00bb20%\u00bb text_font_size_tablet=\u00bb14px\u00bb text_font_size_phone=\u00bb16px\u00bb text_font_size_last_edited=\u00bboff|phone\u00bb global_colors_info=\u00bb{}\u00bb]Durante nuestras experiencias podemos capturar momentos especiales:<\/p>\n<p>\u2022 Estas im\u00e1genes podr\u00e1n ser usadas en redes sociales, p\u00e1gina web y material promocional.<br \/>\n\u2022 Si prefieres no aparecer, solo debes informarnos antes de iniciar la actividad. [\/et_pb_text][\/et_pb_column][\/et_pb_row][et_pb_row _builder_version=\u00bb4.27.5&#8243; _module_preset=\u00bbdefault\u00bb width_tablet=\u00bb80%\u00bb width_phone=\u00bb80%\u00bb width_last_edited=\u00bboff|desktop\u00bb custom_padding=\u00bb||||false|false\u00bb custom_css_main_element=\u00bbdisplay: flex;||align-items: center;\u00bb global_colors_info=\u00bb{}\u00bb custom_css_main_element_last_edited=\u00bbon|tablet\u00bb custom_css_main_element_tablet=\u00bbdisplay:block;\u00bb custom_css_main_element_phone=\u00bbdisplay:block;\u00bb][et_pb_column type=\u00bb4_4&#8243; _builder_version=\u00bb4.17.4&#8243; _module_preset=\u00bbdefault\u00bb global_colors_info=\u00bb{}\u00bb][et_pb_text _builder_version=\u00bb4.27.6&#8243; _module_preset=\u00bb518880c8-46c7-4ffa-b5a6-93ffa99dcc17&#8243; text_font=\u00bbInter||||||||\u00bb text_text_color=\u00bb#474747&#8243; text_line_height=\u00bb1.4em\u00bb header_2_font=\u00bbDM Sans|700|||||||\u00bb header_2_text_align=\u00bbleft\u00bb header_2_text_color=\u00bb#2A402C\u00bb header_2_font_size=\u00bb36px\u00bb text_orientation=\u00bbjustified\u00bb animation_style=\u00bbzoom\u00bb animation_delay=\u00bb200ms\u00bb animation_intensity_zoom=\u00bb20%\u00bb text_font_size_tablet=\u00bb14px\u00bb text_font_size_phone=\u00bb16px\u00bb text_font_size_last_edited=\u00bboff|phone\u00bb global_colors_info=\u00bb{}\u00bb]<\/p>\n<h2>Protecci\u00f3n de datos personales<\/h2>\n<p>[\/et_pb_text][et_pb_text _builder_version=\u00bb4.27.6&#8243; _module_preset=\u00bb518880c8-46c7-4ffa-b5a6-93ffa99dcc17&#8243; text_font=\u00bbInter||||||||\u00bb text_text_color=\u00bb#474747&#8243; text_line_height=\u00bb1.4em\u00bb header_2_font=\u00bbDM Sans|700|||||||\u00bb header_2_text_color=\u00bb#2A402C\u00bb text_orientation=\u00bbjustified\u00bb animation_style=\u00bbzoom\u00bb animation_delay=\u00bb200ms\u00bb animation_intensity_zoom=\u00bb20%\u00bb text_font_size_tablet=\u00bb14px\u00bb text_font_size_phone=\u00bb16px\u00bb text_font_size_last_edited=\u00bboff|phone\u00bb global_colors_info=\u00bb{}\u00bb]<\/p>\n<p>Tu informaci\u00f3n est\u00e1 segura con nosotros:<\/p>\n<p>\u2022 Usamos tus datos \u00fanicamente para:<\/p>\n<p style=\"padding-left: 40px;\">&#8211; Gesti\u00f3n de reservas<br \/>&#8211; Comunicaci\u00f3n<br \/>&#8211; Facturaci\u00f3n electr\u00f3nica<br \/>&#8211; Informaci\u00f3n de experiencias y promociones<\/p>\n<p>\u2022 No compartimos tu informaci\u00f3n sin autorizaci\u00f3n, salvo requerimientos legales.<br \/>\u2022 Puedes solicitar la actualizaci\u00f3n o eliminaci\u00f3n de tus datos en cualquier momento.<\/p>\n<p>[\/et_pb_text][\/et_pb_column][\/et_pb_row][et_pb_row _builder_version=\u00bb4.27.5&#8243; _module_preset=\u00bbdefault\u00bb width_tablet=\u00bb80%\u00bb width_phone=\u00bb80%\u00bb width_last_edited=\u00bboff|desktop\u00bb custom_padding=\u00bb||||false|false\u00bb custom_css_main_element=\u00bbdisplay: flex;||align-items: center;\u00bb global_colors_info=\u00bb{}\u00bb custom_css_main_element_last_edited=\u00bbon|tablet\u00bb custom_css_main_element_tablet=\u00bbdisplay:block;\u00bb custom_css_main_element_phone=\u00bbdisplay:block;\u00bb][et_pb_column type=\u00bb4_4&#8243; _builder_version=\u00bb4.17.4&#8243; _module_preset=\u00bbdefault\u00bb global_colors_info=\u00bb{}\u00bb][et_pb_text _builder_version=\u00bb4.27.6&#8243; _module_preset=\u00bb518880c8-46c7-4ffa-b5a6-93ffa99dcc17&#8243; text_font=\u00bbInter||||||||\u00bb text_text_color=\u00bb#474747&#8243; text_line_height=\u00bb1.4em\u00bb header_2_font=\u00bbDM Sans|700|||||||\u00bb header_2_text_align=\u00bbleft\u00bb header_2_text_color=\u00bb#2A402C\u00bb header_2_font_size=\u00bb36px\u00bb text_orientation=\u00bbjustified\u00bb animation_style=\u00bbzoom\u00bb animation_delay=\u00bb200ms\u00bb animation_intensity_zoom=\u00bb20%\u00bb text_font_size_tablet=\u00bb14px\u00bb text_font_size_phone=\u00bb16px\u00bb text_font_size_last_edited=\u00bboff|phone\u00bb global_colors_info=\u00bb{}\u00bb]<\/p>\n<h2>Facturaci\u00f3n Electr\u00f3nica <\/h2>\n<p>[\/et_pb_text][et_pb_text _builder_version=\u00bb4.27.6&#8243; _module_preset=\u00bb518880c8-46c7-4ffa-b5a6-93ffa99dcc17&#8243; text_font=\u00bbInter||||||||\u00bb text_text_color=\u00bb#474747&#8243; text_line_height=\u00bb1.4em\u00bb header_2_font=\u00bbDM Sans|700|||||||\u00bb header_2_text_color=\u00bb#2A402C\u00bb text_orientation=\u00bbjustified\u00bb animation_style=\u00bbzoom\u00bb animation_delay=\u00bb200ms\u00bb animation_intensity_zoom=\u00bb20%\u00bb text_font_size_tablet=\u00bb14px\u00bb text_font_size_phone=\u00bb16px\u00bb text_font_size_last_edited=\u00bboff|phone\u00bb global_colors_info=\u00bb{}\u00bb]<\/p>\n<p>\u2022 Emitimos factura electr\u00f3nica seg\u00fan la normativa colombiana.<br \/>\u2022 Necesitaremos:<\/p>\n<p style=\"padding-left: 40px;\">&#8211; Nombre completo o raz\u00f3n social<br \/>&#8211; Documento de identidad<br \/>&#8211; Correo electr\u00f3nico<\/p>\n<p>\u2022 La factura ser\u00e1 enviada directamente a tu email.<\/p>\n<p>[\/et_pb_text][\/et_pb_column][\/et_pb_row][et_pb_row _builder_version=\u00bb4.27.5&#8243; _module_preset=\u00bbdefault\u00bb width_tablet=\u00bb80%\u00bb width_phone=\u00bb80%\u00bb width_last_edited=\u00bboff|desktop\u00bb custom_padding=\u00bb||||false|false\u00bb custom_css_main_element=\u00bbdisplay: flex;||align-items: center;\u00bb global_colors_info=\u00bb{}\u00bb custom_css_main_element_last_edited=\u00bbon|tablet\u00bb custom_css_main_element_tablet=\u00bbdisplay:block;\u00bb custom_css_main_element_phone=\u00bbdisplay:block;\u00bb][et_pb_column type=\u00bb4_4&#8243; _builder_version=\u00bb4.17.4&#8243; _module_preset=\u00bbdefault\u00bb global_colors_info=\u00bb{}\u00bb][et_pb_text _builder_version=\u00bb4.27.6&#8243; _module_preset=\u00bb518880c8-46c7-4ffa-b5a6-93ffa99dcc17&#8243; text_font=\u00bbInter||||||||\u00bb text_text_color=\u00bb#474747&#8243; text_line_height=\u00bb1.4em\u00bb header_2_font=\u00bbDM Sans|700|||||||\u00bb header_2_text_align=\u00bbleft\u00bb header_2_text_color=\u00bb#2A402C\u00bb header_2_font_size=\u00bb36px\u00bb text_orientation=\u00bbjustified\u00bb animation_style=\u00bbzoom\u00bb animation_delay=\u00bb200ms\u00bb animation_intensity_zoom=\u00bb20%\u00bb text_font_size_tablet=\u00bb14px\u00bb text_font_size_phone=\u00bb16px\u00bb text_font_size_last_edited=\u00bboff|phone\u00bb global_colors_info=\u00bb{}\u00bb]<\/p>\n<h2>Responsabilidad del Viajero<\/h2>\n<p>[\/et_pb_text][et_pb_text _builder_version=\u00bb4.27.6&#8243; _module_preset=\u00bb518880c8-46c7-4ffa-b5a6-93ffa99dcc17&#8243; text_font=\u00bbInter||||||||\u00bb text_text_color=\u00bb#474747&#8243; text_line_height=\u00bb1.4em\u00bb header_2_font=\u00bbDM Sans|700|||||||\u00bb header_2_text_color=\u00bb#2A402C\u00bb text_orientation=\u00bbjustified\u00bb animation_style=\u00bbzoom\u00bb animation_delay=\u00bb200ms\u00bb animation_intensity_zoom=\u00bb20%\u00bb text_font_size_tablet=\u00bb14px\u00bb text_font_size_phone=\u00bb16px\u00bb text_font_size_last_edited=\u00bboff|phone\u00bb global_colors_info=\u00bb{}\u00bb]Para garantizar una experiencia segura y agradable:<\/p>\n<p>\u2022 Sigue siempre las indicaciones del gu\u00eda o anfitri\u00f3n local.<br \/>\n\u2022 Usa adecuadamente los equipos y respeta los espacios.<br \/>\n\u2022 Cuida el entorno natural y respeta la cultura local.[\/et_pb_text][\/et_pb_column][\/et_pb_row][et_pb_row _builder_version=\u00bb4.27.5&#8243; _module_preset=\u00bbdefault\u00bb width_tablet=\u00bb80%\u00bb width_phone=\u00bb80%\u00bb width_last_edited=\u00bboff|desktop\u00bb custom_padding=\u00bb||||false|false\u00bb custom_css_main_element=\u00bbdisplay: flex;||align-items: center;\u00bb global_colors_info=\u00bb{}\u00bb custom_css_main_element_last_edited=\u00bbon|tablet\u00bb custom_css_main_element_tablet=\u00bbdisplay:block;\u00bb custom_css_main_element_phone=\u00bbdisplay:block;\u00bb][et_pb_column type=\u00bb4_4&#8243; _builder_version=\u00bb4.17.4&#8243; _module_preset=\u00bbdefault\u00bb global_colors_info=\u00bb{}\u00bb][et_pb_text _builder_version=\u00bb4.27.6&#8243; _module_preset=\u00bb518880c8-46c7-4ffa-b5a6-93ffa99dcc17&#8243; text_font=\u00bbInter||||||||\u00bb text_text_color=\u00bb#474747&#8243; text_line_height=\u00bb1.4em\u00bb header_2_font=\u00bbDM Sans|700|||||||\u00bb header_2_text_align=\u00bbleft\u00bb header_2_text_color=\u00bb#2A402C\u00bb header_2_font_size=\u00bb36px\u00bb text_orientation=\u00bbjustified\u00bb animation_style=\u00bbzoom\u00bb animation_delay=\u00bb200ms\u00bb animation_intensity_zoom=\u00bb20%\u00bb text_font_size_tablet=\u00bb14px\u00bb text_font_size_phone=\u00bb16px\u00bb text_font_size_last_edited=\u00bboff|phone\u00bb global_colors_info=\u00bb{}\u00bb]<\/p>\n<h2>Turismo Responsable<\/h2>\n<p>[\/et_pb_text][et_pb_text _builder_version=\u00bb4.27.6&#8243; _module_preset=\u00bb518880c8-46c7-4ffa-b5a6-93ffa99dcc17&#8243; text_font=\u00bbInter||||||||\u00bb text_text_color=\u00bb#474747&#8243; text_line_height=\u00bb1.4em\u00bb header_2_font=\u00bbDM Sans|700|||||||\u00bb header_2_text_color=\u00bb#2A402C\u00bb text_orientation=\u00bbjustified\u00bb animation_style=\u00bbzoom\u00bb animation_delay=\u00bb200ms\u00bb animation_intensity_zoom=\u00bb20%\u00bb text_font_size_tablet=\u00bb14px\u00bb text_font_size_phone=\u00bb16px\u00bb text_font_size_last_edited=\u00bboff|phone\u00bb global_colors_info=\u00bb{}\u00bb]<\/p>\n<p>Estamos comprometidos con el cuidado de nuestra regi\u00f3n:<\/p>\n<p>\u2022 Promovemos el respeto por la naturaleza y las tradiciones.<br \/>\u2022 Apoyamos el desarrollo local trabajando con comunidades.<br \/>\u2022 Te invitamos a viajar de forma consciente:<\/p>\n<p style=\"padding-left: 40px;\">&#8211; No dejar residuos<br \/>&#8211; Respetar flora y fauna<br \/>&#8211; Consumir local<\/p>\n<p>[\/et_pb_text][et_pb_text _builder_version=\u00bb4.27.6&#8243; _module_preset=\u00bb518880c8-46c7-4ffa-b5a6-93ffa99dcc17&#8243; text_font=\u00bbInter||||||||\u00bb text_text_color=\u00bb#474747&#8243; text_line_height=\u00bb1.4em\u00bb header_2_font=\u00bbDM Sans|700|||||||\u00bb header_2_text_color=\u00bb#2A402C\u00bb text_orientation=\u00bbjustified\u00bb animation_style=\u00bbzoom\u00bb animation_delay=\u00bb200ms\u00bb animation_intensity_zoom=\u00bb20%\u00bb text_font_size_tablet=\u00bb14px\u00bb text_font_size_phone=\u00bb16px\u00bb text_font_size_last_edited=\u00bboff|phone\u00bb global_colors_info=\u00bb{}\u00bb]<\/p>\n<p><strong>Nuestro Compromiso<\/strong><\/p>\n<p>En Salento Max Tours, dise\u00f1amos cada experiencia con amor, conocimiento y responsabilidad, para que vivas el Quind\u00edo de una forma aut\u00e9ntica, segura y memorable.<\/p>\n<p><strong>Aceptaci\u00f3n<\/strong><\/p>\n<p>Al reservar con nosotros, aceptas estas pol\u00edticas y haces parte de una experiencia construida con compromiso y pasi\u00f3n por el territorio.<\/p>\n<p>[\/et_pb_text][\/et_pb_column][\/et_pb_row][\/et_pb_section]<\/p>\n","protected":false},"excerpt":{"rendered":"<p>Pol\u00edticas de ServicioEn Salento Max Tours, creemos en el turismo responsable, transparente y lleno de experiencias aut\u00e9nticas. Por eso, queremos que conozcas nuestras pol\u00edticas antes de vivir una aventura con nosotros.ReservasPara asegurar tu experiencia: \u2022 Todas las reservas requieren confirmaci\u00f3n previa con pago anticipado parcial o total. \u2022 Las actividades est\u00e1n sujetas a disponibilidad. \u2022 [&hellip;]<\/p>\n","protected":false},"author":1,"featured_media":0,"parent":0,"menu_order":0,"comment_status":"closed","ping_status":"closed","template":"","meta":{"_et_pb_use_builder":"on","_et_pb_old_content":"<!-- wp:divi\/placeholder \/-->","_et_gb_content_width":"","_joinchat":[],"footnotes":""},"class_list":["post-525","page","type-page","status-publish","hentry"],"jetpack_sharing_enabled":true,"_links":{"self":[{"href":"https:\/\/www.salentomaxtours.com\/web\/wp-json\/wp\/v2\/pages\/525","targetHints":{"allow":["GET"]}}],"collection":[{"href":"https:\/\/www.salentomaxtours.com\/web\/wp-json\/wp\/v2\/pages"}],"about":[{"href":"https:\/\/www.salentomaxtours.com\/web\/wp-json\/wp\/v2\/types\/page"}],"author":[{"embeddable":true,"href":"https:\/\/www.salentomaxtours.com\/web\/wp-json\/wp\/v2\/users\/1"}],"replies":[{"embeddable":true,"href":"https:\/\/www.salentomaxtours.com\/web\/wp-json\/wp\/v2\/comments?post=525"}],"version-history":[{"count":6,"href":"https:\/\/www.salentomaxtours.com\/web\/wp-json\/wp\/v2\/pages\/525\/revisions"}],"predecessor-version":[{"id":534,"href":"https:\/\/www.salentomaxtours.com\/web\/wp-json\/wp\/v2\/pages\/525\/revisions\/534"}],"wp:attachment":[{"href":"https:\/\/www.salentomaxtours.com\/web\/wp-json\/wp\/v2\/media?parent=525"}],"curies":[{"name":"wp","href":"https:\/\/api.w.org\/{rel}","templated":true}]}}