{"id":25,"date":"2026-02-11T03:13:48","date_gmt":"2026-02-11T03:13:48","guid":{"rendered":"https:\/\/www.salentomaxtours.com\/web\/?page_id=25"},"modified":"2026-05-03T21:41:38","modified_gmt":"2026-05-03T21:41:38","slug":"contactanos","status":"publish","type":"page","link":"https:\/\/www.salentomaxtours.com\/web\/contactanos\/","title":{"rendered":"Cont\u00e1ctanos"},"content":{"rendered":"<p>[et_pb_section fb_built=\u00bb1&#8243; _builder_version=\u00bb4.27.5&#8243; _module_preset=\u00bbdefault\u00bb background_color=\u00bb#000000&#8243; use_background_color_gradient=\u00bbon\u00bb background_color_gradient_direction=\u00bb135deg\u00bb background_color_gradient_stops=\u00bb#000000 20%|#678344 100%\u00bb background_color_gradient_overlays_image=\u00bbon\u00bb background_image=\u00bbhttps:\/\/www.salentomaxtours.com\/web\/wp-content\/uploads\/2026\/02\/Prod-Caminata-Cocora-2.jpg\u00bb background_blend=\u00bbmultiply\u00bb custom_padding=\u00bb30px||30px||true|false\u00bb global_colors_info=\u00bb{}\u00bb][et_pb_row _builder_version=\u00bb4.16&#8243; _module_preset=\u00bbdefault\u00bb global_colors_info=\u00bb{}\u00bb][et_pb_column type=\u00bb4_4&#8243; _builder_version=\u00bb4.16&#8243; _module_preset=\u00bbdefault\u00bb global_colors_info=\u00bb{}\u00bb][et_pb_text _builder_version=\u00bb4.27.5&#8243; _module_preset=\u00bbdefault\u00bb text_font=\u00bbInter||||||||\u00bb text_text_color=\u00bb#FFFFFF\u00bb header_font=\u00bbDM Sans|700|||||||\u00bb header_text_align=\u00bbcenter\u00bb header_text_color=\u00bb#FFFFFF\u00bb header_font_size=\u00bb4vw\u00bb header_letter_spacing=\u00bb-2px\u00bb text_orientation=\u00bbcenter\u00bb header_font_size_tablet=\u00bb6vw\u00bb header_font_size_phone=\u00bb8vw\u00bb header_font_size_last_edited=\u00bbon|desktop\u00bb global_colors_info=\u00bb{}\u00bb]<\/p>\n<h1>Atenci\u00f3n al cliente<\/h1>\n<p>Queremos brindarte la mejor atenci\u00f3n, danos tu opini\u00f3n<\/p>\n<p>[\/et_pb_text][\/et_pb_column][\/et_pb_row][\/et_pb_section][et_pb_section fb_built=\u00bb1&#8243; specialty=\u00bbon\u00bb background_color_1=\u00bb#DEE0CE\u00bb background_blend_1=\u00bbmultiply\u00bb use_background_color_gradient_1=\u00bboff\u00bb padding_right_1=\u00bb20px\u00bb padding_left_1=\u00bb20px\u00bb padding_top_bottom_link_1=\u00bbfalse\u00bb padding_left_right_link_1=\u00bbtrue\u00bb _builder_version=\u00bb4.27.5&#8243; _module_preset=\u00bbdefault\u00bb background_color=\u00bbRGBA(255,255,255,0)\u00bb custom_padding=\u00bb100px||100px||true|false\u00bb global_colors_info=\u00bb{}\u00bb][et_pb_column type=\u00bb1_2&#8243; specialty_columns=\u00bb2&#8243; _builder_version=\u00bb4.16&#8243; custom_padding=\u00bb|||\u00bb global_colors_info=\u00bb{}\u00bb custom_padding__hover=\u00bb|||\u00bb][et_pb_row_inner _builder_version=\u00bb4.27.4&#8243; _module_preset=\u00bbdefault\u00bb global_colors_info=\u00bb{}\u00bb][et_pb_column_inner saved_specialty_column_type=\u00bb1_2&#8243; _builder_version=\u00bb4.16&#8243; _module_preset=\u00bbdefault\u00bb global_colors_info=\u00bb{}\u00bb][et_pb_text admin_label=\u00bbTittle\u00bb _builder_version=\u00bb4.27.5&#8243; text_font=\u00bbNunito||||||||\u00bb text_font_size=\u00bb18px\u00bb text_line_height=\u00bb1.8em\u00bb header_font=\u00bb||||||||\u00bb header_text_align=\u00bbcenter\u00bb header_3_font=\u00bbDM Sans|700||on|||||\u00bb header_3_text_color=\u00bb#2A402C\u00bb header_3_font_size=\u00bb40px\u00bb header_3_line_height=\u00bb1.5em\u00bb max_width=\u00bb600px\u00bb max_width_tablet=\u00bb\u00bb max_width_phone=\u00bb\u00bb max_width_last_edited=\u00bbon|phone\u00bb module_alignment=\u00bbleft\u00bb custom_margin=\u00bb|||\u00bb border_width_bottom=\u00bb3px\u00bb border_color_bottom=\u00bb#2A402C\u00bb locked=\u00bboff\u00bb global_colors_info=\u00bb{}\u00bb]<\/p>\n<h3>Contacto<\/h3>\n<p>[\/et_pb_text][\/et_pb_column_inner][\/et_pb_row_inner][et_pb_row_inner column_structure=\u00bb1_2,1_2&#8243; use_custom_gutter=\u00bbon\u00bb gutter_width=\u00bb1&#8243; _builder_version=\u00bb4.16&#8243; _module_preset=\u00bbdefault\u00bb custom_padding=\u00bb4px|||||\u00bb global_colors_info=\u00bb{}\u00bb][et_pb_column_inner type=\u00bb1_2&#8243; saved_specialty_column_type=\u00bb1_2&#8243; _builder_version=\u00bb4.16&#8243; _module_preset=\u00bbdefault\u00bb global_colors_info=\u00bb{}\u00bb][et_pb_text _builder_version=\u00bb4.27.5&#8243; _module_preset=\u00bbdefault\u00bb text_font=\u00bbInter|300|||||||\u00bb text_text_color=\u00bb#000000&#8243; link_text_color=\u00bb#2A402C\u00bb header_4_font=\u00bbInter|600|||||||\u00bb header_4_text_color=\u00bb#678344&#8243; custom_margin=\u00bb||8px|||\u00bb global_colors_info=\u00bb{}\u00bb link_text_color__hover_enabled=\u00bboff|hover\u00bb link_text_color__hover=\u00bb#942418&#8243;]<\/p>\n<h4>Tel\u00e9fono<\/h4>\n<p><a href=\"tel:3235315375\">(57) 323 531 53 75<\/a><\/p>\n<p>[\/et_pb_text][\/et_pb_column_inner][et_pb_column_inner type=\u00bb1_2&#8243; saved_specialty_column_type=\u00bb1_2&#8243; _builder_version=\u00bb4.16&#8243; _module_preset=\u00bbdefault\u00bb global_colors_info=\u00bb{}\u00bb][et_pb_text _builder_version=\u00bb4.27.5&#8243; _module_preset=\u00bbdefault\u00bb text_font=\u00bbInter|300|||||||\u00bb text_text_color=\u00bb#000000&#8243; link_text_color=\u00bb#2A402C\u00bb header_4_font=\u00bbInter|600|||||||\u00bb header_4_text_color=\u00bb#678344&#8243; custom_margin=\u00bb||8px|||\u00bb global_colors_info=\u00bb{}\u00bb link_text_color__hover=\u00bb#942418&#8243; link_text_color__hover_enabled=\u00bboff|desktop\u00bb]<\/p>\n<h4>Correo Electr\u00f3nico<\/h4>\n<p><a href=\"mailto:info@salentomaxtours.com\">info@salentomaxtours.com<\/a>[\/et_pb_text][\/et_pb_column_inner][\/et_pb_row_inner][et_pb_row_inner column_structure=\u00bb1_2,1_2&#8243; use_custom_gutter=\u00bbon\u00bb gutter_width=\u00bb1&#8243; _builder_version=\u00bb4.27.5&#8243; _module_preset=\u00bbdefault\u00bb custom_padding=\u00bb5px|||||\u00bb global_colors_info=\u00bb{}\u00bb][et_pb_column_inner type=\u00bb1_2&#8243; saved_specialty_column_type=\u00bb1_2&#8243; _builder_version=\u00bb4.16&#8243; _module_preset=\u00bbdefault\u00bb global_colors_info=\u00bb{}\u00bb][et_pb_text _builder_version=\u00bb4.27.5&#8243; _module_preset=\u00bbdefault\u00bb text_font=\u00bbInter|300|||||||\u00bb text_text_color=\u00bb#2A402C\u00bb link_text_color=\u00bb#2A402C\u00bb header_4_font=\u00bbInter|600|||||||\u00bb header_4_text_color=\u00bb#678344&#8243; custom_margin=\u00bb||8px|||\u00bb global_colors_info=\u00bb{}\u00bb link_text_color__hover=\u00bb#942418&#8243; link_text_color__hover_enabled=\u00bbon|desktop\u00bb]<\/p>\n<h4>Horario de atenci\u00f3n<\/h4>\n<p><span style=\"font-weight: 400;\">Oficina presencial:<\/span><br \/>9:00 AM &#8211; 7:00 PM<\/p>\n<p>[\/et_pb_text][\/et_pb_column_inner][et_pb_column_inner type=\u00bb1_2&#8243; saved_specialty_column_type=\u00bb1_2&#8243; _builder_version=\u00bb4.16&#8243; _module_preset=\u00bbdefault\u00bb global_colors_info=\u00bb{}\u00bb][et_pb_text _builder_version=\u00bb4.27.5&#8243; _module_preset=\u00bbdefault\u00bb text_font=\u00bbInter|300|||||||\u00bb text_text_color=\u00bb#2A402C\u00bb link_text_color=\u00bb#2A402C\u00bb header_4_font=\u00bbInter|600|||||||\u00bb header_4_text_color=\u00bb#678344&#8243; custom_margin=\u00bb||8px|||\u00bb global_colors_info=\u00bb{}\u00bb link_text_color__hover=\u00bb#942418&#8243; link_text_color__hover_enabled=\u00bbon|desktop\u00bb]<\/p>\n<h4>Horario de atenci\u00f3n<\/h4>\n<p><span style=\"font-weight: 400;\">WhatsApp:<br \/><\/span><\/p>\n<p><span style=\"font-weight: 400;\">Lunes a jueves<br \/><\/span>6:00 AM &#8211; 9:00 PM<br \/><span style=\"font-weight: 400;\"><br \/>Viernes y s\u00e1bado<br \/>6:00 AM &#8211; 11:00 PM<\/span><\/p>\n<p>[\/et_pb_text][\/et_pb_column_inner][\/et_pb_row_inner][et_pb_row_inner use_custom_gutter=\u00bbon\u00bb gutter_width=\u00bb1&#8243; _builder_version=\u00bb4.27.5&#8243; _module_preset=\u00bbdefault\u00bb custom_padding=\u00bb5px||||false|false\u00bb global_colors_info=\u00bb{}\u00bb][et_pb_column_inner saved_specialty_column_type=\u00bb1_2&#8243; _builder_version=\u00bb4.16&#8243; _module_preset=\u00bbdefault\u00bb global_colors_info=\u00bb{}\u00bb][et_pb_text _builder_version=\u00bb4.27.5&#8243; _module_preset=\u00bbdefault\u00bb text_font=\u00bbInter|300|||||||\u00bb text_text_color=\u00bb#000000&#8243; link_text_color=\u00bb#2A402C\u00bb header_4_font=\u00bbInter|600|||||||\u00bb header_4_text_color=\u00bb#678344&#8243; custom_margin=\u00bb||8px|||\u00bb global_colors_info=\u00bb{}\u00bb link_text_color__hover=\u00bb#942418&#8243; link_text_color__hover_enabled=\u00bbon|desktop\u00bb]<\/p>\n<h4>Direcci\u00f3n<\/h4>\n<p>Carrera 6 # 5-18 Plaza Principal CENTRO ARTESANAL CASA JARD\u00cdN[\/et_pb_text][\/et_pb_column_inner][\/et_pb_row_inner][et_pb_row_inner _builder_version=\u00bb4.16&#8243; _module_preset=\u00bbdefault\u00bb custom_padding=\u00bb3px|||||\u00bb global_colors_info=\u00bb{}\u00bb][et_pb_column_inner saved_specialty_column_type=\u00bb1_2&#8243; _builder_version=\u00bb4.16&#8243; _module_preset=\u00bbdefault\u00bb global_colors_info=\u00bb{}\u00bb][et_pb_text _builder_version=\u00bb4.27.5&#8243; _module_preset=\u00bbdefault\u00bb text_font=\u00bbInter|300|||||||\u00bb text_text_color=\u00bb#000000&#8243; link_text_color=\u00bb#2A402C\u00bb header_4_font=\u00bbInter|600|||||||\u00bb header_4_text_color=\u00bb#678344&#8243; custom_margin=\u00bb||8px|||\u00bb global_colors_info=\u00bb{}\u00bb link_text_color__hover=\u00bb#942418&#8243; link_text_color__hover_enabled=\u00bbon|desktop\u00bb]<\/p>\n<h4>S\u00edguenos<\/h4>\n<p>[\/et_pb_text][et_pb_social_media_follow _builder_version=\u00bb4.27.5&#8243; _module_preset=\u00bbdefault\u00bb text_orientation=\u00bbleft\u00bb animation_style=\u00bbslide\u00bb animation_duration=\u00bb1300ms\u00bb border_radii=\u00bbon|100px|100px|100px|100px\u00bb global_colors_info=\u00bb{}\u00bb][et_pb_social_media_follow_network social_network=\u00bbfacebook\u00bb url=\u00bbhttps:\/\/www.facebook.com\/p\/Tours-Salento-61559942160295\/\u00bb icon_color=\u00bb#2A402C\u00bb _builder_version=\u00bb4.27.5&#8243; _module_preset=\u00bbdefault\u00bb background_color=\u00bb#FFFFFF\u00bb background_enable_color=\u00bbon\u00bb global_colors_info=\u00bb{}\u00bb follow_button=\u00bboff\u00bb url_new_window=\u00bbon\u00bb]facebook[\/et_pb_social_media_follow_network][et_pb_social_media_follow_network social_network=\u00bbinstagram\u00bb url=\u00bbhttps:\/\/www.instagram.com\/salentomaxtours\/\u00bb icon_color=\u00bb#2A402C\u00bb _builder_version=\u00bb4.27.5&#8243; _module_preset=\u00bbdefault\u00bb background_color=\u00bb#FFFFFF\u00bb background_enable_color=\u00bbon\u00bb global_colors_info=\u00bb{}\u00bb follow_button=\u00bboff\u00bb url_new_window=\u00bbon\u00bb]instagram[\/et_pb_social_media_follow_network][et_pb_social_media_follow_network social_network=\u00bbtiktok\u00bb url=\u00bbhttps:\/\/www.tiktok.com\/@salentomaxtours\u00bb icon_color=\u00bb#2A402C\u00bb _builder_version=\u00bb4.27.5&#8243; _module_preset=\u00bbdefault\u00bb background_color=\u00bb#FFFFFF\u00bb background_enable_color=\u00bbon\u00bb global_colors_info=\u00bb{}\u00bb follow_button=\u00bboff\u00bb url_new_window=\u00bbon\u00bb]tiktok[\/et_pb_social_media_follow_network][\/et_pb_social_media_follow][\/et_pb_column_inner][\/et_pb_row_inner][\/et_pb_column][et_pb_column type=\u00bb1_2&#8243; _builder_version=\u00bb4.16&#8243; custom_padding=\u00bb|||\u00bb global_colors_info=\u00bb{}\u00bb custom_padding__hover=\u00bb|||\u00bb][et_pb_text admin_label=\u00bbTittle\u00bb _builder_version=\u00bb4.27.6&#8243; text_font=\u00bbNunito||||||||\u00bb text_font_size=\u00bb18px\u00bb text_line_height=\u00bb1.8em\u00bb header_font=\u00bb||||||||\u00bb header_text_align=\u00bbcenter\u00bb header_3_font=\u00bbDM Sans|700||on|||||\u00bb header_3_text_color=\u00bb#2A402C\u00bb header_3_font_size=\u00bb40px\u00bb header_3_line_height=\u00bb1.5em\u00bb max_width=\u00bb600px\u00bb max_width_tablet=\u00bb\u00bb max_width_phone=\u00bb\u00bb max_width_last_edited=\u00bbon|phone\u00bb module_alignment=\u00bbleft\u00bb custom_margin=\u00bb|||\u00bb hover_enabled=\u00bb0&#8243; border_width_bottom=\u00bb3px\u00bb border_color_bottom=\u00bb#2A402C\u00bb locked=\u00bboff\u00bb global_colors_info=\u00bb{}\u00bb sticky_enabled=\u00bb0&#8243;]<\/p>\n<h3>Visitanos<\/h3>\n<p>[\/et_pb_text][et_pb_code _builder_version=\u00bb4.27.6&#8243; _module_preset=\u00bbdefault\u00bb hover_enabled=\u00bb0&#8243; sticky_enabled=\u00bb0&#8243;]<iframe src=\"https:\/\/www.google.com\/maps\/embed?pb=!1m18!1m12!1m3!1d3976.755408526493!2d-75.5724859263606!3d4.6376677422035515!2m3!1f0!2f0!3f0!3m2!1i1024!2i768!4f13.1!3m3!1m2!1s0x8e388ded8858a0b9%3A0x68a51ec61d0538fe!2sCentro%20Artesanal%20Casa%20Jard%C3%ADn!5e0!3m2!1ses-419!2sco!4v1777844427374!5m2!1ses-419!2sco\" width=\"600\" height=\"450\" style=\"border:0;\" allowfullscreen=\"\" loading=\"lazy\" referrerpolicy=\"no-referrer-when-downgrade\"><\/iframe>[\/et_pb_code][\/et_pb_column][\/et_pb_section]<\/p>\n","protected":false},"excerpt":{"rendered":"<p>Atenci\u00f3n al cliente Queremos brindarte la mejor atenci\u00f3n, danos tu opini\u00f3nContactoTel\u00e9fono (57) 323 531 53 75Correo Electr\u00f3nico info@salentomaxtours.comHorario de atenci\u00f3n Oficina presencial:9:00 AM &#8211; 7:00 PMHorario de atenci\u00f3n WhatsApp: Lunes a jueves6:00 AM &#8211; 9:00 PMViernes y s\u00e1bado6:00 AM &#8211; 11:00 PMDirecci\u00f3n Carrera 6 # 5-18 Plaza Principal CENTRO ARTESANAL CASA JARD\u00cdNS\u00edguenosVisitanos<\/p>\n","protected":false},"author":1,"featured_media":0,"parent":0,"menu_order":0,"comment_status":"closed","ping_status":"closed","template":"","meta":{"_et_pb_use_builder":"on","_et_pb_old_content":"<!-- wp:divi\/placeholder \/-->","_et_gb_content_width":"","_joinchat":[],"footnotes":""},"class_list":["post-25","page","type-page","status-publish","hentry"],"jetpack_sharing_enabled":true,"_links":{"self":[{"href":"https:\/\/www.salentomaxtours.com\/web\/wp-json\/wp\/v2\/pages\/25","targetHints":{"allow":["GET"]}}],"collection":[{"href":"https:\/\/www.salentomaxtours.com\/web\/wp-json\/wp\/v2\/pages"}],"about":[{"href":"https:\/\/www.salentomaxtours.com\/web\/wp-json\/wp\/v2\/types\/page"}],"author":[{"embeddable":true,"href":"https:\/\/www.salentomaxtours.com\/web\/wp-json\/wp\/v2\/users\/1"}],"replies":[{"embeddable":true,"href":"https:\/\/www.salentomaxtours.com\/web\/wp-json\/wp\/v2\/comments?post=25"}],"version-history":[{"count":6,"href":"https:\/\/www.salentomaxtours.com\/web\/wp-json\/wp\/v2\/pages\/25\/revisions"}],"predecessor-version":[{"id":613,"href":"https:\/\/www.salentomaxtours.com\/web\/wp-json\/wp\/v2\/pages\/25\/revisions\/613"}],"wp:attachment":[{"href":"https:\/\/www.salentomaxtours.com\/web\/wp-json\/wp\/v2\/media?parent=25"}],"curies":[{"name":"wp","href":"https:\/\/api.w.org\/{rel}","templated":true}]}}